{"id":3663,"date":"2016-01-05T15:37:14","date_gmt":"2016-01-05T14:37:14","guid":{"rendered":"http:\/\/www.gugler.com\/management\/"},"modified":"2025-10-21T11:13:08","modified_gmt":"2025-10-21T09:13:08","slug":"yonetim","status":"publish","type":"page","link":"https:\/\/www.gugler.com\/tr\/yonetim\/","title":{"rendered":"Y\u00f6netim"},"content":{"rendered":"\t\t<div data-elementor-type=\"wp-page\" data-elementor-id=\"3663\" class=\"elementor elementor-3663 elementor-76\" data-elementor-post-type=\"page\">\n\t\t\t\t<div class=\"elementor-element elementor-element-13ca2dde e-flex e-con-boxed e-con e-parent\" data-id=\"13ca2dde\" data-element_type=\"container\" data-e-type=\"container\">\n\t\t\t\t\t<div class=\"e-con-inner\">\n\t\t<div class=\"elementor-element elementor-element-27f48035 e-con-full e-flex e-con e-child\" data-id=\"27f48035\" data-element_type=\"container\" data-e-type=\"container\">\n\t\t\t\t<div class=\"elementor-element elementor-element-20220cb4 elementor-widget elementor-widget-image\" data-id=\"20220cb4\" data-element_type=\"widget\" data-e-type=\"widget\" data-widget_type=\"image.default\">\n\t\t\t\t<div class=\"elementor-widget-container\">\n\t\t\t\t\t\t\t\t\t\t\t\t\t\t\t<img fetchpriority=\"high\" decoding=\"async\" width=\"819\" height=\"1024\" src=\"https:\/\/www.gugler.com\/wp-content\/uploads\/2025\/10\/Gugler-Alois-2-Kopie.jpg\" class=\"attachment-large size-large wp-image-18534\" alt=\"\" \/>\t\t\t\t\t\t\t\t\t\t\t\t\t\t\t<\/div>\n\t\t\t\t<\/div>\n\t\t\t\t<\/div>\n\t\t<div class=\"elementor-element elementor-element-5b99334a e-con-full e-flex e-con e-child\" data-id=\"5b99334a\" data-element_type=\"container\" data-e-type=\"container\">\n\t\t\t\t<div class=\"elementor-element elementor-element-10115497 elementor-widget elementor-widget-image\" data-id=\"10115497\" data-element_type=\"widget\" data-e-type=\"widget\" data-widget_type=\"image.default\">\n\t\t\t\t<div class=\"elementor-widget-container\">\n\t\t\t\t\t\t\t\t\t\t\t\t\t\t\t<img decoding=\"async\" width=\"819\" height=\"1024\" src=\"https:\/\/www.gugler.com\/wp-content\/uploads\/2025\/10\/Gugler-Gerhard-Kopie.jpg\" class=\"attachment-large size-large wp-image-18540\" alt=\"\" \/>\t\t\t\t\t\t\t\t\t\t\t\t\t\t\t<\/div>\n\t\t\t\t<\/div>\n\t\t\t\t<\/div>\n\t\t<div class=\"elementor-element elementor-element-27dcaebd e-con-full e-flex e-con e-child\" data-id=\"27dcaebd\" data-element_type=\"container\" data-e-type=\"container\">\n\t\t\t\t<div class=\"elementor-element elementor-element-1f4b22b3 elementor-widget elementor-widget-text-editor\" data-id=\"1f4b22b3\" data-element_type=\"widget\" data-e-type=\"widget\" data-widget_type=\"text-editor.default\">\n\t\t\t\t<div class=\"elementor-widget-container\">\n\t\t\t\t\t\t\t\t\t<h3><strong>Alois Gugler<\/strong><\/h3><p><strong>Genel M\u00fcd\u00fcr<\/strong><\/p><p>t\u00fcm ticari\/mali konulardan sorumludur:<\/p><ul><li><p>sat\u0131\u015f &amp; pazarlama, proje y\u00f6netimi, muhasebe, denetim, insan kaynaklar\u0131 ve idari i\u015fler<\/p><\/li><li><p>hidroelektrik santrallerin ve sanayi tesislerinin pazarlama\/sat\u0131\u015f, finansman ve proje y\u00f6netimi konular\u0131nda ve genel y\u00f6netimde 30 y\u0131l\u0131 a\u015fk\u0131n deneyim<br \/>Voest Alpine ve VA TECH grubunda Avusturya, Venezuela ve Brezilya\u2019da \u00e7e\u015fitli \u00fcst y\u00f6netim pozisyonlar\u0131nda bulundu<\/p><\/li><li><p>Bildi\u011fi diller : Almanca, \u0130ngilizce, \u0130spanyolca, Portekizce<\/p><\/li><\/ul>\t\t\t\t\t\t\t\t<\/div>\n\t\t\t\t<\/div>\n\t\t\t\t<\/div>\n\t\t<div class=\"elementor-element elementor-element-22db4683 e-con-full e-flex e-con e-child\" data-id=\"22db4683\" data-element_type=\"container\" data-e-type=\"container\">\n\t\t\t\t<div class=\"elementor-element elementor-element-528c3c33 elementor-widget elementor-widget-text-editor\" data-id=\"528c3c33\" data-element_type=\"widget\" data-e-type=\"widget\" data-widget_type=\"text-editor.default\">\n\t\t\t\t<div class=\"elementor-widget-container\">\n\t\t\t\t\t\t\t\t\t<h3><strong>Gerhard Gugler<\/strong><\/h3><p><strong>Teknik M\u00fcd\u00fcr<\/strong><\/p><p>teknik konulardan sorumludur:<\/p><ul><li><p>\u00fcr\u00fcn geli\u015ftirme &amp; planlama, dizayn, m\u00fchendislik ve imalat<\/p><\/li><li><p>k\u00fc\u00e7\u00fck hidroelektrik santrallerin geli\u015ftirilmesi, dizayn\u0131, m\u00fchendislik, sat\u0131\u015f, imalat ve i\u015fletmesinde 40 y\u0131l\u0131 a\u015fk\u0131n deneyim<br \/>GUGLER t\u00fcrbin teknolojisinin ara\u015ft\u0131rma &amp; geli\u015ftirme konusunda sorumludur<\/p><\/li><li><p>Bildi\u011fi diller . Almanca, \u0130ngilizce<\/p><\/li><\/ul>\t\t\t\t\t\t\t\t<\/div>\n\t\t\t\t<\/div>\n\t\t\t\t<\/div>\n\t\t\t\t\t<\/div>\n\t\t\t\t<\/div>\n\t\t\t\t<\/div>\n\t\t","protected":false},"excerpt":{"rendered":"<p>Alois Gugler Genel M\u00fcd\u00fcr t\u00fcm ticari\/mali konulardan sorumludur: sat\u0131\u015f &amp; pazarlama, proje y\u00f6netimi, muhasebe, denetim, insan kaynaklar\u0131 ve idari i\u015fler hidroelektrik santrallerin ve sanayi tesislerinin pazarlama\/sat\u0131\u015f, finansman ve proje y\u00f6netimi konular\u0131nda ve genel y\u00f6netimde 30 y\u0131l\u0131 a\u015fk\u0131n deneyimVoest Alpine ve VA TECH grubunda Avusturya, Venezuela ve Brezilya\u2019da \u00e7e\u015fitli \u00fcst y\u00f6netim pozisyonlar\u0131nda bulundu Bildi\u011fi diller : [&hellip;]<\/p>\n","protected":false},"author":7,"featured_media":0,"parent":0,"menu_order":0,"comment_status":"closed","ping_status":"closed","template":"","meta":{"_acf_changed":false,"footnotes":""},"class_list":["post-3663","page","type-page","status-publish","hentry"],"acf":[],"yoast_head":"<!-- This site is optimized with the Yoast SEO plugin v27.4 - https:\/\/yoast.com\/product\/yoast-seo-wordpress\/ -->\n<title>Y\u00f6netim - Gugler Water Turbines<\/title>\n<meta name=\"robots\" content=\"index, follow, max-snippet:-1, max-image-preview:large, max-video-preview:-1\" \/>\n<link rel=\"canonical\" href=\"https:\/\/www.gugler.com\/tr\/yonetim\/\" \/>\n<meta property=\"og:locale\" content=\"tr_TR\" \/>\n<meta property=\"og:type\" content=\"article\" \/>\n<meta property=\"og:title\" content=\"Y\u00f6netim - Gugler Water Turbines\" \/>\n<meta property=\"og:description\" content=\"Alois Gugler Genel M\u00fcd\u00fcr t\u00fcm ticari\/mali konulardan sorumludur: sat\u0131\u015f &amp; pazarlama, proje y\u00f6netimi, muhasebe, denetim, insan kaynaklar\u0131 ve idari i\u015fler hidroelektrik santrallerin ve sanayi tesislerinin pazarlama\/sat\u0131\u015f, finansman ve proje y\u00f6netimi konular\u0131nda ve genel y\u00f6netimde 30 y\u0131l\u0131 a\u015fk\u0131n deneyimVoest Alpine ve VA TECH grubunda Avusturya, Venezuela ve Brezilya\u2019da \u00e7e\u015fitli \u00fcst y\u00f6netim pozisyonlar\u0131nda bulundu Bildi\u011fi diller : [&hellip;]\" \/>\n<meta property=\"og:url\" content=\"https:\/\/www.gugler.com\/tr\/yonetim\/\" \/>\n<meta property=\"og:site_name\" content=\"Gugler Water Turbines\" \/>\n<meta property=\"article:modified_time\" content=\"2025-10-21T09:13:08+00:00\" \/>\n<meta property=\"og:image\" content=\"https:\/\/www.gugler.com\/wp-content\/uploads\/2025\/10\/Gugler-Alois-2-Kopie-819x1024.jpg\" \/>\n<meta name=\"twitter:card\" content=\"summary_large_image\" \/>\n<meta name=\"twitter:label1\" content=\"Est. reading time\" \/>\n\t<meta name=\"twitter:data1\" content=\"1 minute\" \/>\n<script type=\"application\/ld+json\" class=\"yoast-schema-graph\">{\"@context\":\"https:\\\/\\\/schema.org\",\"@graph\":[{\"@type\":\"WebPage\",\"@id\":\"https:\\\/\\\/www.gugler.com\\\/tr\\\/yonetim\\\/\",\"url\":\"https:\\\/\\\/www.gugler.com\\\/tr\\\/yonetim\\\/\",\"name\":\"Y\u00f6netim - Gugler Water Turbines\",\"isPartOf\":{\"@id\":\"https:\\\/\\\/www.gugler.com\\\/#website\"},\"primaryImageOfPage\":{\"@id\":\"https:\\\/\\\/www.gugler.com\\\/tr\\\/yonetim\\\/#primaryimage\"},\"image\":{\"@id\":\"https:\\\/\\\/www.gugler.com\\\/tr\\\/yonetim\\\/#primaryimage\"},\"thumbnailUrl\":\"https:\\\/\\\/www.gugler.com\\\/wp-content\\\/uploads\\\/2025\\\/10\\\/Gugler-Alois-2-Kopie-819x1024.jpg\",\"datePublished\":\"2016-01-05T14:37:14+00:00\",\"dateModified\":\"2025-10-21T09:13:08+00:00\",\"breadcrumb\":{\"@id\":\"https:\\\/\\\/www.gugler.com\\\/tr\\\/yonetim\\\/#breadcrumb\"},\"inLanguage\":\"tr\",\"potentialAction\":[{\"@type\":\"ReadAction\",\"target\":[\"https:\\\/\\\/www.gugler.com\\\/tr\\\/yonetim\\\/\"]}]},{\"@type\":\"ImageObject\",\"inLanguage\":\"tr\",\"@id\":\"https:\\\/\\\/www.gugler.com\\\/tr\\\/yonetim\\\/#primaryimage\",\"url\":\"https:\\\/\\\/www.gugler.com\\\/wp-content\\\/uploads\\\/2025\\\/10\\\/Gugler-Alois-2-Kopie-819x1024.jpg\",\"contentUrl\":\"https:\\\/\\\/www.gugler.com\\\/wp-content\\\/uploads\\\/2025\\\/10\\\/Gugler-Alois-2-Kopie-819x1024.jpg\"},{\"@type\":\"BreadcrumbList\",\"@id\":\"https:\\\/\\\/www.gugler.com\\\/tr\\\/yonetim\\\/#breadcrumb\",\"itemListElement\":[{\"@type\":\"ListItem\",\"position\":1,\"name\":\"Home\",\"item\":\"https:\\\/\\\/www.gugler.com\\\/tr\\\/\"},{\"@type\":\"ListItem\",\"position\":2,\"name\":\"Y\u00f6netim\"}]},{\"@type\":\"WebSite\",\"@id\":\"https:\\\/\\\/www.gugler.com\\\/#website\",\"url\":\"https:\\\/\\\/www.gugler.com\\\/\",\"name\":\"Gugler Water Turbines\",\"description\":\"Technology for hydropower plants\",\"potentialAction\":[{\"@type\":\"SearchAction\",\"target\":{\"@type\":\"EntryPoint\",\"urlTemplate\":\"https:\\\/\\\/www.gugler.com\\\/?s={search_term_string}\"},\"query-input\":{\"@type\":\"PropertyValueSpecification\",\"valueRequired\":true,\"valueName\":\"search_term_string\"}}],\"inLanguage\":\"tr\"}]}<\/script>\n<!-- \/ Yoast SEO plugin. -->","yoast_head_json":{"title":"Y\u00f6netim - Gugler Water Turbines","robots":{"index":"index","follow":"follow","max-snippet":"max-snippet:-1","max-image-preview":"max-image-preview:large","max-video-preview":"max-video-preview:-1"},"canonical":"https:\/\/www.gugler.com\/tr\/yonetim\/","og_locale":"tr_TR","og_type":"article","og_title":"Y\u00f6netim - Gugler Water Turbines","og_description":"Alois Gugler Genel M\u00fcd\u00fcr t\u00fcm ticari\/mali konulardan sorumludur: sat\u0131\u015f &amp; pazarlama, proje y\u00f6netimi, muhasebe, denetim, insan kaynaklar\u0131 ve idari i\u015fler hidroelektrik santrallerin ve sanayi tesislerinin pazarlama\/sat\u0131\u015f, finansman ve proje y\u00f6netimi konular\u0131nda ve genel y\u00f6netimde 30 y\u0131l\u0131 a\u015fk\u0131n deneyimVoest Alpine ve VA TECH grubunda Avusturya, Venezuela ve Brezilya\u2019da \u00e7e\u015fitli \u00fcst y\u00f6netim pozisyonlar\u0131nda bulundu Bildi\u011fi diller : [&hellip;]","og_url":"https:\/\/www.gugler.com\/tr\/yonetim\/","og_site_name":"Gugler Water Turbines","article_modified_time":"2025-10-21T09:13:08+00:00","og_image":[{"url":"https:\/\/www.gugler.com\/wp-content\/uploads\/2025\/10\/Gugler-Alois-2-Kopie-819x1024.jpg","type":"","width":"","height":""}],"twitter_card":"summary_large_image","twitter_misc":{"Est. reading time":"1 minute"},"schema":{"@context":"https:\/\/schema.org","@graph":[{"@type":"WebPage","@id":"https:\/\/www.gugler.com\/tr\/yonetim\/","url":"https:\/\/www.gugler.com\/tr\/yonetim\/","name":"Y\u00f6netim - Gugler Water Turbines","isPartOf":{"@id":"https:\/\/www.gugler.com\/#website"},"primaryImageOfPage":{"@id":"https:\/\/www.gugler.com\/tr\/yonetim\/#primaryimage"},"image":{"@id":"https:\/\/www.gugler.com\/tr\/yonetim\/#primaryimage"},"thumbnailUrl":"https:\/\/www.gugler.com\/wp-content\/uploads\/2025\/10\/Gugler-Alois-2-Kopie-819x1024.jpg","datePublished":"2016-01-05T14:37:14+00:00","dateModified":"2025-10-21T09:13:08+00:00","breadcrumb":{"@id":"https:\/\/www.gugler.com\/tr\/yonetim\/#breadcrumb"},"inLanguage":"tr","potentialAction":[{"@type":"ReadAction","target":["https:\/\/www.gugler.com\/tr\/yonetim\/"]}]},{"@type":"ImageObject","inLanguage":"tr","@id":"https:\/\/www.gugler.com\/tr\/yonetim\/#primaryimage","url":"https:\/\/www.gugler.com\/wp-content\/uploads\/2025\/10\/Gugler-Alois-2-Kopie-819x1024.jpg","contentUrl":"https:\/\/www.gugler.com\/wp-content\/uploads\/2025\/10\/Gugler-Alois-2-Kopie-819x1024.jpg"},{"@type":"BreadcrumbList","@id":"https:\/\/www.gugler.com\/tr\/yonetim\/#breadcrumb","itemListElement":[{"@type":"ListItem","position":1,"name":"Home","item":"https:\/\/www.gugler.com\/tr\/"},{"@type":"ListItem","position":2,"name":"Y\u00f6netim"}]},{"@type":"WebSite","@id":"https:\/\/www.gugler.com\/#website","url":"https:\/\/www.gugler.com\/","name":"Gugler Water Turbines","description":"Technology for hydropower plants","potentialAction":[{"@type":"SearchAction","target":{"@type":"EntryPoint","urlTemplate":"https:\/\/www.gugler.com\/?s={search_term_string}"},"query-input":{"@type":"PropertyValueSpecification","valueRequired":true,"valueName":"search_term_string"}}],"inLanguage":"tr"}]}},"publishpress_future_action":{"enabled":false,"date":"2026-05-02 10:28:54","action":"change-status","newStatus":"draft","terms":[],"taxonomy":"translation_priority","extraData":[]},"publishpress_future_workflow_manual_trigger":{"enabledWorkflows":[]},"_links":{"self":[{"href":"https:\/\/www.gugler.com\/tr\/wp-json\/wp\/v2\/pages\/3663","targetHints":{"allow":["GET"]}}],"collection":[{"href":"https:\/\/www.gugler.com\/tr\/wp-json\/wp\/v2\/pages"}],"about":[{"href":"https:\/\/www.gugler.com\/tr\/wp-json\/wp\/v2\/types\/page"}],"author":[{"embeddable":true,"href":"https:\/\/www.gugler.com\/tr\/wp-json\/wp\/v2\/users\/7"}],"replies":[{"embeddable":true,"href":"https:\/\/www.gugler.com\/tr\/wp-json\/wp\/v2\/comments?post=3663"}],"version-history":[{"count":0,"href":"https:\/\/www.gugler.com\/tr\/wp-json\/wp\/v2\/pages\/3663\/revisions"}],"wp:attachment":[{"href":"https:\/\/www.gugler.com\/tr\/wp-json\/wp\/v2\/media?parent=3663"}],"curies":[{"name":"wp","href":"https:\/\/api.w.org\/{rel}","templated":true}]}}