{"id":342,"date":"2016-01-05T15:37:14","date_gmt":"2016-01-05T14:37:14","guid":{"rendered":"http:\/\/www.gugler.com\/fr\/management\/"},"modified":"2025-12-15T14:24:54","modified_gmt":"2025-12-15T13:24:54","slug":"management","status":"publish","type":"page","link":"https:\/\/www.gugler.com\/fr\/management\/","title":{"rendered":"Management"},"content":{"rendered":"\t\t<div data-elementor-type=\"wp-page\" data-elementor-id=\"342\" class=\"elementor elementor-342 elementor-76\" data-elementor-post-type=\"page\">\n\t\t\t\t<div class=\"elementor-element elementor-element-3f2df408 e-flex e-con-boxed e-con e-parent\" data-id=\"3f2df408\" data-element_type=\"container\" data-e-type=\"container\">\n\t\t\t\t\t<div class=\"e-con-inner\">\n\t\t<div class=\"elementor-element elementor-element-76d3f37b e-con-full e-flex e-con e-child\" data-id=\"76d3f37b\" data-element_type=\"container\" data-e-type=\"container\">\n\t\t\t\t<div class=\"elementor-element elementor-element-d4f0229 elementor-widget elementor-widget-image\" data-id=\"d4f0229\" data-element_type=\"widget\" data-e-type=\"widget\" data-widget_type=\"image.default\">\n\t\t\t\t<div class=\"elementor-widget-container\">\n\t\t\t\t\t\t\t\t\t\t\t\t\t\t\t<img fetchpriority=\"high\" decoding=\"async\" width=\"819\" height=\"1024\" src=\"https:\/\/www.gugler.com\/wp-content\/uploads\/2025\/10\/Gugler-Alois-2-Kopie.jpg\" class=\"attachment-large size-large wp-image-18530\" alt=\"\" \/>\t\t\t\t\t\t\t\t\t\t\t\t\t\t\t<\/div>\n\t\t\t\t<\/div>\n\t\t\t\t<\/div>\n\t\t<div class=\"elementor-element elementor-element-52f7a601 e-con-full e-flex e-con e-child\" data-id=\"52f7a601\" data-element_type=\"container\" data-e-type=\"container\">\n\t\t\t\t<div class=\"elementor-element elementor-element-32b5aeab elementor-widget elementor-widget-image\" data-id=\"32b5aeab\" data-element_type=\"widget\" data-e-type=\"widget\" data-widget_type=\"image.default\">\n\t\t\t\t<div class=\"elementor-widget-container\">\n\t\t\t\t\t\t\t\t\t\t\t\t\t\t\t<img decoding=\"async\" width=\"819\" height=\"1024\" src=\"https:\/\/www.gugler.com\/wp-content\/uploads\/2025\/10\/Gugler-Gerhard-Kopie.jpg\" class=\"attachment-large size-large wp-image-18536\" alt=\"\" \/>\t\t\t\t\t\t\t\t\t\t\t\t\t\t\t<\/div>\n\t\t\t\t<\/div>\n\t\t\t\t<\/div>\n\t\t<div class=\"elementor-element elementor-element-d374a36 e-con-full e-flex e-con e-child\" data-id=\"d374a36\" data-element_type=\"container\" data-e-type=\"container\">\n\t\t\t\t<div class=\"elementor-element elementor-element-3eff3365 elementor-widget elementor-widget-text-editor\" data-id=\"3eff3365\" data-element_type=\"widget\" data-e-type=\"widget\" data-widget_type=\"text-editor.default\">\n\t\t\t\t<div class=\"elementor-widget-container\">\n\t\t\t\t\t\t\t\t\t<h3><strong>Alois Gugler<\/strong><\/h3><p><strong>Gesch\u00e4ftsf\u00fchrer<\/strong><\/p><p>verantwortlich f\u00fcr die kaufm\u00e4nnischen Bereiche Vertrieb und Marketing, Projektmanagement, Rechnungswesen, Controlling, Personal und Verwaltung<\/p><ul><li>mehr als 30 Jahre Erfahrung im Marketing \/ Verkauf, Finanzierung und Projektmanagement von Wasserkraft- und Industrieanlagen<\/li><li>verschiedene Top-Management Positionen in der Voest Alpine und VA TECH Gruppe in \u00d6sterreich, Venezuela und Brasilien<\/li><li>Sprachen: Deutsch, Englisch, Spanisch, Portugiesisch<\/li><\/ul>\t\t\t\t\t\t\t\t<\/div>\n\t\t\t\t<\/div>\n\t\t\t\t<\/div>\n\t\t<div class=\"elementor-element elementor-element-676a48de e-con-full e-flex e-con e-child\" data-id=\"676a48de\" data-element_type=\"container\" data-e-type=\"container\">\n\t\t\t\t<div class=\"elementor-element elementor-element-6bf63d57 elementor-widget elementor-widget-text-editor\" data-id=\"6bf63d57\" data-element_type=\"widget\" data-e-type=\"widget\" data-widget_type=\"text-editor.default\">\n\t\t\t\t<div class=\"elementor-widget-container\">\n\t\t\t\t\t\t\t\t\t<h3><strong>Gerhard Gugler<\/strong><\/h3><p><strong>Technischer Direktor<\/strong><\/p><p>verantwortlich f\u00fcr die technischen Bereiche Produktentwicklung, Projektierung, Konstruktion und Produktion bzw. Leistungserstellung<\/p><ul><li>mehr als 40 Jahre Erfahrung in Entwicklung, Konstruktion, Vertrieb, Fertigung und Betrieb von Kleinwasserkraftwerken<\/li><li>verantwortlich f\u00fcr die Entwicklung der GUGLER Turbinentechnologie<\/li><li>Sprachen: Deutsch, Englisch<\/li><\/ul>\t\t\t\t\t\t\t\t<\/div>\n\t\t\t\t<\/div>\n\t\t\t\t<\/div>\n\t\t\t\t\t<\/div>\n\t\t\t\t<\/div>\n\t\t\t\t<\/div>\n\t\t","protected":false},"excerpt":{"rendered":"<p>Alois Gugler Gesch\u00e4ftsf\u00fchrer verantwortlich f\u00fcr die kaufm\u00e4nnischen Bereiche Vertrieb und Marketing, Projektmanagement, Rechnungswesen, Controlling, Personal und Verwaltung mehr als 30 Jahre Erfahrung im Marketing \/ Verkauf, Finanzierung und Projektmanagement von Wasserkraft- und Industrieanlagen verschiedene Top-Management Positionen in der Voest Alpine und VA TECH Gruppe in \u00d6sterreich, Venezuela und Brasilien Sprachen: Deutsch, Englisch, Spanisch, Portugiesisch Gerhard [&hellip;]<\/p>\n","protected":false},"author":7,"featured_media":0,"parent":0,"menu_order":0,"comment_status":"closed","ping_status":"closed","template":"","meta":{"_acf_changed":false,"footnotes":""},"class_list":["post-342","page","type-page","status-publish","hentry"],"acf":[],"yoast_head":"<!-- This site is optimized with the Yoast SEO plugin v27.4 - https:\/\/yoast.com\/product\/yoast-seo-wordpress\/ -->\n<title>Management - Gugler Water Turbines<\/title>\n<meta name=\"robots\" content=\"index, follow, max-snippet:-1, max-image-preview:large, max-video-preview:-1\" \/>\n<link rel=\"canonical\" href=\"https:\/\/www.gugler.com\/fr\/management\/\" \/>\n<meta property=\"og:locale\" content=\"fr_FR\" \/>\n<meta property=\"og:type\" content=\"article\" \/>\n<meta property=\"og:title\" content=\"Management - Gugler Water Turbines\" \/>\n<meta property=\"og:description\" content=\"Alois Gugler Gesch\u00e4ftsf\u00fchrer verantwortlich f\u00fcr die kaufm\u00e4nnischen Bereiche Vertrieb und Marketing, Projektmanagement, Rechnungswesen, Controlling, Personal und Verwaltung mehr als 30 Jahre Erfahrung im Marketing \/ Verkauf, Finanzierung und Projektmanagement von Wasserkraft- und Industrieanlagen verschiedene Top-Management Positionen in der Voest Alpine und VA TECH Gruppe in \u00d6sterreich, Venezuela und Brasilien Sprachen: Deutsch, Englisch, Spanisch, Portugiesisch Gerhard [&hellip;]\" \/>\n<meta property=\"og:url\" content=\"https:\/\/www.gugler.com\/fr\/management\/\" \/>\n<meta property=\"og:site_name\" content=\"Gugler Water Turbines\" \/>\n<meta property=\"article:modified_time\" content=\"2025-12-15T13:24:54+00:00\" \/>\n<meta property=\"og:image\" content=\"https:\/\/www.gugler.com\/wp-content\/uploads\/2025\/10\/Gugler-Alois-2-Kopie-819x1024.jpg\" \/>\n<meta name=\"twitter:card\" content=\"summary_large_image\" \/>\n<meta name=\"twitter:label1\" content=\"Dur\u00e9e de lecture estim\u00e9e\" \/>\n\t<meta name=\"twitter:data1\" content=\"1 minute\" \/>\n<script type=\"application\/ld+json\" class=\"yoast-schema-graph\">{\"@context\":\"https:\\\/\\\/schema.org\",\"@graph\":[{\"@type\":\"WebPage\",\"@id\":\"https:\\\/\\\/www.gugler.com\\\/fr\\\/management\\\/\",\"url\":\"https:\\\/\\\/www.gugler.com\\\/fr\\\/management\\\/\",\"name\":\"Management - Gugler Water Turbines\",\"isPartOf\":{\"@id\":\"https:\\\/\\\/www.gugler.com\\\/#website\"},\"primaryImageOfPage\":{\"@id\":\"https:\\\/\\\/www.gugler.com\\\/fr\\\/management\\\/#primaryimage\"},\"image\":{\"@id\":\"https:\\\/\\\/www.gugler.com\\\/fr\\\/management\\\/#primaryimage\"},\"thumbnailUrl\":\"https:\\\/\\\/www.gugler.com\\\/wp-content\\\/uploads\\\/2025\\\/10\\\/Gugler-Alois-2-Kopie-819x1024.jpg\",\"datePublished\":\"2016-01-05T14:37:14+00:00\",\"dateModified\":\"2025-12-15T13:24:54+00:00\",\"breadcrumb\":{\"@id\":\"https:\\\/\\\/www.gugler.com\\\/fr\\\/management\\\/#breadcrumb\"},\"inLanguage\":\"fr-FR\",\"potentialAction\":[{\"@type\":\"ReadAction\",\"target\":[\"https:\\\/\\\/www.gugler.com\\\/fr\\\/management\\\/\"]}]},{\"@type\":\"ImageObject\",\"inLanguage\":\"fr-FR\",\"@id\":\"https:\\\/\\\/www.gugler.com\\\/fr\\\/management\\\/#primaryimage\",\"url\":\"https:\\\/\\\/www.gugler.com\\\/wp-content\\\/uploads\\\/2025\\\/10\\\/Gugler-Alois-2-Kopie-819x1024.jpg\",\"contentUrl\":\"https:\\\/\\\/www.gugler.com\\\/wp-content\\\/uploads\\\/2025\\\/10\\\/Gugler-Alois-2-Kopie-819x1024.jpg\"},{\"@type\":\"BreadcrumbList\",\"@id\":\"https:\\\/\\\/www.gugler.com\\\/fr\\\/management\\\/#breadcrumb\",\"itemListElement\":[{\"@type\":\"ListItem\",\"position\":1,\"name\":\"Home\",\"item\":\"https:\\\/\\\/www.gugler.com\\\/fr\\\/\"},{\"@type\":\"ListItem\",\"position\":2,\"name\":\"Management\"}]},{\"@type\":\"WebSite\",\"@id\":\"https:\\\/\\\/www.gugler.com\\\/#website\",\"url\":\"https:\\\/\\\/www.gugler.com\\\/\",\"name\":\"Gugler Water Turbines\",\"description\":\"Technology for hydropower plants\",\"potentialAction\":[{\"@type\":\"SearchAction\",\"target\":{\"@type\":\"EntryPoint\",\"urlTemplate\":\"https:\\\/\\\/www.gugler.com\\\/?s={search_term_string}\"},\"query-input\":{\"@type\":\"PropertyValueSpecification\",\"valueRequired\":true,\"valueName\":\"search_term_string\"}}],\"inLanguage\":\"fr-FR\"}]}<\/script>\n<!-- \/ Yoast SEO plugin. -->","yoast_head_json":{"title":"Management - Gugler Water Turbines","robots":{"index":"index","follow":"follow","max-snippet":"max-snippet:-1","max-image-preview":"max-image-preview:large","max-video-preview":"max-video-preview:-1"},"canonical":"https:\/\/www.gugler.com\/fr\/management\/","og_locale":"fr_FR","og_type":"article","og_title":"Management - Gugler Water Turbines","og_description":"Alois Gugler Gesch\u00e4ftsf\u00fchrer verantwortlich f\u00fcr die kaufm\u00e4nnischen Bereiche Vertrieb und Marketing, Projektmanagement, Rechnungswesen, Controlling, Personal und Verwaltung mehr als 30 Jahre Erfahrung im Marketing \/ Verkauf, Finanzierung und Projektmanagement von Wasserkraft- und Industrieanlagen verschiedene Top-Management Positionen in der Voest Alpine und VA TECH Gruppe in \u00d6sterreich, Venezuela und Brasilien Sprachen: Deutsch, Englisch, Spanisch, Portugiesisch Gerhard [&hellip;]","og_url":"https:\/\/www.gugler.com\/fr\/management\/","og_site_name":"Gugler Water Turbines","article_modified_time":"2025-12-15T13:24:54+00:00","og_image":[{"url":"https:\/\/www.gugler.com\/wp-content\/uploads\/2025\/10\/Gugler-Alois-2-Kopie-819x1024.jpg","type":"","width":"","height":""}],"twitter_card":"summary_large_image","twitter_misc":{"Dur\u00e9e de lecture estim\u00e9e":"1 minute"},"schema":{"@context":"https:\/\/schema.org","@graph":[{"@type":"WebPage","@id":"https:\/\/www.gugler.com\/fr\/management\/","url":"https:\/\/www.gugler.com\/fr\/management\/","name":"Management - Gugler Water Turbines","isPartOf":{"@id":"https:\/\/www.gugler.com\/#website"},"primaryImageOfPage":{"@id":"https:\/\/www.gugler.com\/fr\/management\/#primaryimage"},"image":{"@id":"https:\/\/www.gugler.com\/fr\/management\/#primaryimage"},"thumbnailUrl":"https:\/\/www.gugler.com\/wp-content\/uploads\/2025\/10\/Gugler-Alois-2-Kopie-819x1024.jpg","datePublished":"2016-01-05T14:37:14+00:00","dateModified":"2025-12-15T13:24:54+00:00","breadcrumb":{"@id":"https:\/\/www.gugler.com\/fr\/management\/#breadcrumb"},"inLanguage":"fr-FR","potentialAction":[{"@type":"ReadAction","target":["https:\/\/www.gugler.com\/fr\/management\/"]}]},{"@type":"ImageObject","inLanguage":"fr-FR","@id":"https:\/\/www.gugler.com\/fr\/management\/#primaryimage","url":"https:\/\/www.gugler.com\/wp-content\/uploads\/2025\/10\/Gugler-Alois-2-Kopie-819x1024.jpg","contentUrl":"https:\/\/www.gugler.com\/wp-content\/uploads\/2025\/10\/Gugler-Alois-2-Kopie-819x1024.jpg"},{"@type":"BreadcrumbList","@id":"https:\/\/www.gugler.com\/fr\/management\/#breadcrumb","itemListElement":[{"@type":"ListItem","position":1,"name":"Home","item":"https:\/\/www.gugler.com\/fr\/"},{"@type":"ListItem","position":2,"name":"Management"}]},{"@type":"WebSite","@id":"https:\/\/www.gugler.com\/#website","url":"https:\/\/www.gugler.com\/","name":"Gugler Water Turbines","description":"Technology for hydropower plants","potentialAction":[{"@type":"SearchAction","target":{"@type":"EntryPoint","urlTemplate":"https:\/\/www.gugler.com\/?s={search_term_string}"},"query-input":{"@type":"PropertyValueSpecification","valueRequired":true,"valueName":"search_term_string"}}],"inLanguage":"fr-FR"}]}},"publishpress_future_action":{"enabled":false,"date":"2026-05-08 08:24:20","action":"change-status","newStatus":"draft","terms":[],"taxonomy":"translation_priority","extraData":[]},"publishpress_future_workflow_manual_trigger":{"enabledWorkflows":[]},"_links":{"self":[{"href":"https:\/\/www.gugler.com\/fr\/wp-json\/wp\/v2\/pages\/342","targetHints":{"allow":["GET"]}}],"collection":[{"href":"https:\/\/www.gugler.com\/fr\/wp-json\/wp\/v2\/pages"}],"about":[{"href":"https:\/\/www.gugler.com\/fr\/wp-json\/wp\/v2\/types\/page"}],"author":[{"embeddable":true,"href":"https:\/\/www.gugler.com\/fr\/wp-json\/wp\/v2\/users\/7"}],"replies":[{"embeddable":true,"href":"https:\/\/www.gugler.com\/fr\/wp-json\/wp\/v2\/comments?post=342"}],"version-history":[{"count":0,"href":"https:\/\/www.gugler.com\/fr\/wp-json\/wp\/v2\/pages\/342\/revisions"}],"wp:attachment":[{"href":"https:\/\/www.gugler.com\/fr\/wp-json\/wp\/v2\/media?parent=342"}],"curies":[{"name":"wp","href":"https:\/\/api.w.org\/{rel}","templated":true}]}}